{"id":4682,"date":"2023-01-23T12:45:58","date_gmt":"2023-01-23T12:45:58","guid":{"rendered":"https:\/\/www.paulapuente-arquitectura.com\/cookie-policy\/"},"modified":"2023-02-23T14:51:46","modified_gmt":"2023-02-23T14:51:46","slug":"cookie-policy","status":"publish","type":"page","link":"https:\/\/paulapuente-arquitectura.com\/en\/cookie-policy\/","title":{"rendered":"Cookie Policy"},"content":{"rendered":"&#13;\n<h2 class=\"fusion-responsive-typography-calculated wp-block-heading\" data-fontsize=\"28\" data-lineheight=\"33.6px\"><b>Definition and function of cookies<\/b><\/h2>&#13;\n<p>\u00bfQu\u00e9 son las cookies? Una cookie es un fichero que se descarga en su ordenador al acceder a determinadas p\u00e1ginas web. Las cookies permiten a una p\u00e1gina web, entre otras cosas, almacenar y recuperar informaci\u00f3n sobre los h\u00e1bitos de navegaci\u00f3n de un usuario o de su equipo y, dependiendo de la informaci\u00f3n que contengan y de la forma en que utilice su equipo, pueden utilizarse para reconocer al usuario.<\/p>&#13;\n<h2 class=\"fusion-responsive-typography-calculated\" data-fontsize=\"28\" data-lineheight=\"33.6px\"><b>2. What types of cookies does this website use?<\/b><\/h2>&#13;\n<p>Cookies propias: Son aqu\u00e9llas que se env\u00edan al equipo terminal del usuario desde un equipo o dominio gestionado por el propio editor y desde el que se presta el servicio solicitado por el usuario.<\/p>&#13;\n<p>Cookies de sesi\u00f3n: Son un tipo de cookies dise\u00f1adas para recabar y almacenar datos mientras el usuario accede a una p\u00e1gina web.<\/p>&#13;\n<p>Cookies persistentes: Son un tipo de cookies en el que los datos siguen almacenados en el terminal y pueden ser accedidos y tratados durante un periodo definido por el responsable de la cookie, y que puede ir de unos minutos a varios a\u00f1os<\/p>&#13;\n<p>Cookies de an\u00e1lisis: Son aqu\u00e9llas que bien tratadas por nosotros o por terceros, nos permiten cuantificar el n\u00famero de usuarios y as\u00ed realizar la medici\u00f3n y an\u00e1lisis estad\u00edstico de la utilizaci\u00f3n que hacen los usuarios del servicio ofertado.<\/p>&#13;\n<h2 class=\"fusion-responsive-typography-calculated\" data-fontsize=\"28\" data-lineheight=\"33.6px\"><b>3. Revocation and deletion of cookies<\/b><\/h2>&#13;\n<p>Usted puede permitir, bloquear o eliminar las cookies instaladas en su equipo mediante la configuraci\u00f3n de las opciones del navegador instalado en su ordenador, en caso que no permita la instalaci\u00f3n de cookies en su navegador es posible que no pueda acceder a alguna de las secciones de nuestra web.<\/p>&#13;\n<p>M\u00e1s informaci\u00f3n sobre como administrar las cookies en\u00a0<a href=\"https:\/\/support.google.com\/chrome\/answer\/95647?co=GENIE.Platform%3DAndroid&amp;hl=es\">Google Chrome<\/a><\/p>&#13;\n<p>M\u00e1s informaci\u00f3n sobre como administrar las cookies en\u00a0<a href=\"https:\/\/support.microsoft.com\/es-es\/topic\/eliminar-y-administrar-cookies-168dab11-0753-043d-7c16-ede5947fc64d\">Internet Explorer<\/a><\/p>&#13;\n<p>M\u00e1s informaci\u00f3n sobre como administrar las cookies en\u00a0<a href=\"https:\/\/support.mozilla.org\/es\/kb\/habilitar-y-deshabilitar-cookies-sitios-web-rastrear-preferencias\">Mozilla Firefox<\/a><\/p>&#13;\n<p>M\u00e1s informaci\u00f3n sobre como administrar las cookies en\u00a0<a href=\"https:\/\/support.apple.com\/es-es\/guide\/safari\/sfri11471\/mac\">Safari<\/a><\/p>&#13;\n<p>M\u00e1s informaci\u00f3n sobre como administrar las cookies en\u00a0<a href=\"https:\/\/www.habilitarlascookies.com\/como-habilitar-las-cookies-en-opera.html\">\u00d3pera<\/a><\/p>&#13;\n<h2 class=\"fusion-responsive-typography-calculated\" data-fontsize=\"28\" data-lineheight=\"33.6px\"><b>4. Consent<\/b><\/h2>&#13;\n<p>Al navegar y continuar en nuestra web nos indicas que est\u00e1s consintiendo el uso de las cookies enunciadas en el siguiente apartado, y en las condiciones contenidas en la presente Pol\u00edtica de Cookies.<\/p>&#13;\n<h2 class=\"fusion-responsive-typography-calculated\" data-fontsize=\"28\" data-lineheight=\"33.6px\"><b>5. List of cookies<\/b><\/h2>&#13;\n<table><tbody><tr><td><b>Cookie<\/b><\/td>&#13;\n<td><b>Proveedor<\/b><\/td>&#13;\n<td><b>Finalidad<\/b><\/td>&#13;\n<td><b>Caducidad<\/b><\/td>&#13;\n<td><b>Tipo<\/b><\/td>&#13;\n<\/tr><tr><td>_gid<\/td>&#13;\n<td>Google Analytics<\/td>&#13;\n<td>Se usa para distinguir a los usuarios<\/td>&#13;\n<td>24 horas<\/td>&#13;\n<td>Propia<\/td>&#13;\n<\/tr><tr><td>_ga<\/td>&#13;\n<td>Google Analytics<\/td>&#13;\n<td>Habilita la funci\u00f3n de control de visitas \u00fanicas. La primera vez que un usuario entre en la web de fenixdirecto.com por un navegador se instalar\u00e1 esta cookie. Cuando este usuario vuelva a entrar en nuestra web con el mismo navegador, la cookie considerar\u00e1 que es el mismo usuario. Solo en el cas que el usuario cambie de navegador, Google Analytics lo considerar\u00e1 como otro usuario<\/td>&#13;\n<td>2 a\u00f1os<\/td>&#13;\n<td>Propia<\/td>&#13;\n<\/tr><tr><td>_gat_gtag_UA_XXXXXXX_XX<\/td>&#13;\n<td>Google Analytics<\/td>&#13;\n<td>Cookie utilizada por Google Analytics para recopilar datos de tr\u00e1fico an\u00f3nimos. Contienen un \u00fanico ID del visitante, tiempo e informaci\u00f3n sobre la visita, incluyendo referencias. Los datos reales de la visita se registran en el servidor de Google. Google ofrece informes que ayudan a analizar c\u00f3mo los visitantes usan los sitios web y en los que se hace referencia desde, la experiencia del usuario a medir el impacto de la optimizaci\u00f3n de motores de b\u00fasqueda y publicidad<\/td>&#13;\n<td>10 min<\/td>&#13;\n<td>Propia<\/td>&#13;\n<\/tr><tr><td>wp-settings-1<\/td>&#13;\n<td>WordPress<\/td>&#13;\n<td>Utilizada por WordPress para personalizar la interfaz de usuario<\/td>&#13;\n<td>1 a\u00f1o<\/td>&#13;\n<td>Propia<\/td>&#13;\n<\/tr><tr><td>fusionredux_current_tab<\/td>&#13;\n<td>Avada<\/td>&#13;\n<td>Cookie para mejorar la navegaci\u00f3n en la web<\/td>&#13;\n<td>3 d\u00edas<\/td>&#13;\n<td>Propia<\/td>&#13;\n<\/tr><tr><td>wordpress_test_cookie<\/td>&#13;\n<td>WordPress<\/td>&#13;\n<td>Cookie para que el gestor de contenidos WordPress compruebe si el navegador tiene las cookies activadas<\/td>&#13;\n<td>Sesi\u00f3n<\/td>&#13;\n<td>Propia<\/td>&#13;\n<\/tr><tr><td>PHPSESSID<\/td>&#13;\n<td>PHP<\/td>&#13;\n<td>Esta cookie es usada por el lenguaje de encriptado PHP para permitir que las variables de SESI\u00d3N sean guardadas en el servidor web. Esta cookie es esencial para el funcionamiento de la web<\/td>&#13;\n<td>Sesi\u00f3n<\/td>&#13;\n<td>Propia<\/td>&#13;\n<\/tr><\/tbody><\/table>","protected":false},"excerpt":{"rendered":"<p>&#13; Definition and function of cookies &#13; \u00bfQu\u00e9 son las cookies? Una [&hellip;]<\/p>\n","protected":false},"author":2,"featured_media":0,"parent":0,"menu_order":0,"comment_status":"closed","ping_status":"open","template":"","meta":{"footnotes":""},"class_list":["post-4682","page","type-page","status-publish","hentry"],"yoast_head":"<!-- This site is optimized with the Yoast SEO plugin v26.9 - https:\/\/yoast.com\/product\/yoast-seo-wordpress\/ -->\n<title>Cookie Policy - Paula Puente<\/title>\n<meta name=\"robots\" content=\"index, follow, max-snippet:-1, max-image-preview:large, max-video-preview:-1\" \/>\n<link rel=\"canonical\" href=\"https:\/\/paulapuente-arquitectura.com\/politica-cookies\/\" \/>\n<meta property=\"og:locale\" content=\"en_US\" \/>\n<meta property=\"og:type\" content=\"article\" \/>\n<meta property=\"og:title\" content=\"Cookie Policy - Paula Puente\" \/>\n<meta property=\"og:description\" content=\"&#013; Definition and function of cookies &#013; \u00bfQu\u00e9 son las cookies? Una [&hellip;]\" \/>\n<meta property=\"og:url\" content=\"https:\/\/paulapuente-arquitectura.com\/politica-cookies\/\" \/>\n<meta property=\"og:site_name\" content=\"Paula Puente\" \/>\n<meta property=\"article:modified_time\" content=\"2023-02-23T14:51:46+00:00\" \/>\n<meta name=\"twitter:card\" content=\"summary_large_image\" \/>\n<meta name=\"twitter:label1\" content=\"Est. reading time\" \/>\n\t<meta name=\"twitter:data1\" content=\"3 minutes\" \/>\n<script type=\"application\/ld+json\" class=\"yoast-schema-graph\">{\"@context\":\"https:\/\/schema.org\",\"@graph\":[{\"@type\":\"WebPage\",\"@id\":\"https:\/\/paulapuente-arquitectura.com\/politica-cookies\/\",\"url\":\"https:\/\/paulapuente-arquitectura.com\/politica-cookies\/\",\"name\":\"Cookie Policy - Paula Puente\",\"isPartOf\":{\"@id\":\"https:\/\/paulapuente-arquitectura.com\/#website\"},\"datePublished\":\"2023-01-23T12:45:58+00:00\",\"dateModified\":\"2023-02-23T14:51:46+00:00\",\"breadcrumb\":{\"@id\":\"https:\/\/paulapuente-arquitectura.com\/politica-cookies\/#breadcrumb\"},\"inLanguage\":\"en-US\",\"potentialAction\":[{\"@type\":\"ReadAction\",\"target\":[\"https:\/\/paulapuente-arquitectura.com\/politica-cookies\/\"]}]},{\"@type\":\"BreadcrumbList\",\"@id\":\"https:\/\/paulapuente-arquitectura.com\/politica-cookies\/#breadcrumb\",\"itemListElement\":[{\"@type\":\"ListItem\",\"position\":1,\"name\":\"Portada\",\"item\":\"https:\/\/paulapuente-arquitectura.com\/en\/\"},{\"@type\":\"ListItem\",\"position\":2,\"name\":\"Cookie Policy\"}]},{\"@type\":\"WebSite\",\"@id\":\"https:\/\/paulapuente-arquitectura.com\/#website\",\"url\":\"https:\/\/paulapuente-arquitectura.com\/\",\"name\":\"Paula Puente\",\"description\":\"Arquitectura\",\"potentialAction\":[{\"@type\":\"SearchAction\",\"target\":{\"@type\":\"EntryPoint\",\"urlTemplate\":\"https:\/\/paulapuente-arquitectura.com\/?s={search_term_string}\"},\"query-input\":{\"@type\":\"PropertyValueSpecification\",\"valueRequired\":true,\"valueName\":\"search_term_string\"}}],\"inLanguage\":\"en-US\"}]}<\/script>\n<!-- \/ Yoast SEO plugin. -->","yoast_head_json":{"title":"Cookie Policy - Paula Puente","robots":{"index":"index","follow":"follow","max-snippet":"max-snippet:-1","max-image-preview":"max-image-preview:large","max-video-preview":"max-video-preview:-1"},"canonical":"https:\/\/paulapuente-arquitectura.com\/politica-cookies\/","og_locale":"en_US","og_type":"article","og_title":"Cookie Policy - Paula Puente","og_description":"&#13; Definition and function of cookies &#13; \u00bfQu\u00e9 son las cookies? Una [&hellip;]","og_url":"https:\/\/paulapuente-arquitectura.com\/politica-cookies\/","og_site_name":"Paula Puente","article_modified_time":"2023-02-23T14:51:46+00:00","twitter_card":"summary_large_image","twitter_misc":{"Est. reading time":"3 minutes"},"schema":{"@context":"https:\/\/schema.org","@graph":[{"@type":"WebPage","@id":"https:\/\/paulapuente-arquitectura.com\/politica-cookies\/","url":"https:\/\/paulapuente-arquitectura.com\/politica-cookies\/","name":"Cookie Policy - Paula Puente","isPartOf":{"@id":"https:\/\/paulapuente-arquitectura.com\/#website"},"datePublished":"2023-01-23T12:45:58+00:00","dateModified":"2023-02-23T14:51:46+00:00","breadcrumb":{"@id":"https:\/\/paulapuente-arquitectura.com\/politica-cookies\/#breadcrumb"},"inLanguage":"en-US","potentialAction":[{"@type":"ReadAction","target":["https:\/\/paulapuente-arquitectura.com\/politica-cookies\/"]}]},{"@type":"BreadcrumbList","@id":"https:\/\/paulapuente-arquitectura.com\/politica-cookies\/#breadcrumb","itemListElement":[{"@type":"ListItem","position":1,"name":"Portada","item":"https:\/\/paulapuente-arquitectura.com\/en\/"},{"@type":"ListItem","position":2,"name":"Cookie Policy"}]},{"@type":"WebSite","@id":"https:\/\/paulapuente-arquitectura.com\/#website","url":"https:\/\/paulapuente-arquitectura.com\/","name":"Paula Puente","description":"Arquitectura","potentialAction":[{"@type":"SearchAction","target":{"@type":"EntryPoint","urlTemplate":"https:\/\/paulapuente-arquitectura.com\/?s={search_term_string}"},"query-input":{"@type":"PropertyValueSpecification","valueRequired":true,"valueName":"search_term_string"}}],"inLanguage":"en-US"}]}},"_links":{"self":[{"href":"https:\/\/paulapuente-arquitectura.com\/en\/wp-json\/wp\/v2\/pages\/4682","targetHints":{"allow":["GET"]}}],"collection":[{"href":"https:\/\/paulapuente-arquitectura.com\/en\/wp-json\/wp\/v2\/pages"}],"about":[{"href":"https:\/\/paulapuente-arquitectura.com\/en\/wp-json\/wp\/v2\/types\/page"}],"author":[{"embeddable":true,"href":"https:\/\/paulapuente-arquitectura.com\/en\/wp-json\/wp\/v2\/users\/2"}],"replies":[{"embeddable":true,"href":"https:\/\/paulapuente-arquitectura.com\/en\/wp-json\/wp\/v2\/comments?post=4682"}],"version-history":[{"count":3,"href":"https:\/\/paulapuente-arquitectura.com\/en\/wp-json\/wp\/v2\/pages\/4682\/revisions"}],"predecessor-version":[{"id":4685,"href":"https:\/\/paulapuente-arquitectura.com\/en\/wp-json\/wp\/v2\/pages\/4682\/revisions\/4685"}],"wp:attachment":[{"href":"https:\/\/paulapuente-arquitectura.com\/en\/wp-json\/wp\/v2\/media?parent=4682"}],"curies":[{"name":"wp","href":"https:\/\/api.w.org\/{rel}","templated":true}]}}